{"id":7588,"date":"2018-12-16T11:02:10","date_gmt":"2018-12-16T10:02:10","guid":{"rendered":"https:\/\/www.phage.help\/registro-del-foro\/"},"modified":"2018-12-16T11:02:10","modified_gmt":"2018-12-16T10:02:10","slug":"registro-del-foro","status":"publish","type":"page","link":"https:\/\/www.phage.help\/es\/registro-del-foro\/","title":{"rendered":"Registro del foro"},"content":{"rendered":"\n<form method=\"post\" action=\"https:\/\/www.phage.help\/es\/wp-login.php\" class=\"bbp-login-form\">\n\t<fieldset class=\"bbp-form\">\n\t\t<legend>Crear una cuenta<\/legend>\n\n\t\t\n\t\t<div class=\"bbp-template-notice\">\n\t\t\t<ul>\n\t\t\t\t<li>Tu nombre de usuario debe ser \u00fanico y no lo podr\u00e1s cambiar m\u00e1s adelante.<\/li>\n\t\t\t\t<li>Usamos tu direcci\u00f3n de correo electr\u00f3nico para enviarte una contrase\u00f1a segura y verificar tu cuenta.<\/li>\n\t\t\t<\/ul>\n\t\t<\/div>\n\n\t\t<div class=\"bbp-username\">\n\t\t\t<label for=\"user_login\">Nombre de usuario: <\/label>\n\t\t\t<input type=\"text\" name=\"user_login\" value=\"\" size=\"20\" id=\"user_login\" maxlength=\"100\" autocomplete=\"off\" \/>\n\t\t<\/div>\n\n\t\t<div class=\"bbp-email\">\n\t\t\t<label for=\"user_email\">Correo electr\u00f3nico: <\/label>\n\t\t\t<input type=\"text\" name=\"user_email\" value=\"\" size=\"20\" id=\"user_email\" maxlength=\"100\" autocomplete=\"off\" \/>\n\t\t<\/div>\n\n\t\t\t\t<div id=\"cf-turnstile-511393574\"\r\n\t\tclass=\"cf-turnstile\" \t\tdata-sitekey=\"0x4AAAAAABdfMUwliY0Fv_Vk\"\r\n\t\tdata-theme=\"light\"\r\n\t\tdata-language=\"auto\"\r\n\t\tdata-size=\"normal\"\r\n\t\tdata-retry=\"auto\" data-retry-interval=\"1000\"\r\n\t\tdata-refresh-expired=\"auto\"\r\n\t\tdata-refresh-timeout=\"auto\"\r\n\t\tdata-action=\"wordpress-register\"\r\n\t\tdata-callback=\"turnstileWPCallback\"\r\n\t\t\t\tdata-appearance=\"always\"><\/div>\r\n\t\t\t<script>document.addEventListener(\"DOMContentLoaded\", function() { setTimeout(function(){ var e=document.getElementById(\"cf-turnstile-511393574\"); if(e&&!e.innerHTML.trim()){turnstile.render(e, {sitekey:\"0x4AAAAAABdfMUwliY0Fv_Vk\"});} }, 200); });<\/script>\r\n\t\t\t<br class=\"cf-turnstile-br cf-turnstile-br-511393574\">\r\n\t\t\t\t<style>#cf-turnstile-511393574 { margin-left: -15px; }<\/style>\r\n\t\t\n\t\t<div class=\"bbp-submit-wrapper\">\n\n\t\t\t<button type=\"submit\" name=\"user-submit\" class=\"button submit user-submit\">Registro<\/button>\n\n\t\t\t\n\t<input type=\"hidden\" name=\"action\"      value=\"register\" \/>\n\t<input type=\"hidden\" name=\"user-cookie\" value=\"1\" \/>\n\n\t<input type=\"hidden\" id=\"bbp_redirect_to\" name=\"redirect_to\" value=\"?checkemail=registered\" \/><input type=\"hidden\" id=\"_wpnonce\" name=\"_wpnonce\" value=\"318bc0dbdd\" \/><input type=\"hidden\" name=\"_wp_http_referer\" value=\"\/es\/wp-json\/wp\/v2\/pages\/7588\" \/>\n\t\t<\/div>\n\n\t\t\n\t<\/fieldset>\n<\/form>\n\n<p>Tras el registro, recibir\u00e1 un correo electr\u00f3nico para confirmar su inscripci\u00f3n.<br \/>\nPosteriormente, se le enviar\u00e1 un correo electr\u00f3nico solicit\u00e1ndole que establezca su contrase\u00f1a.<\/p>\n<p>Por favor, compruebe tambi\u00e9n la carpeta de correo no deseado, ya que este correo podr\u00eda ser clasificado como spam.<\/p>\n","protected":false},"excerpt":{"rendered":"<p>Tras el registro, recibir\u00e1 un correo electr\u00f3nico para confirmar su inscripci\u00f3n. Posteriormente, se le enviar\u00e1 un correo electr\u00f3nico solicit\u00e1ndole que establezca su contrase\u00f1a. Por favor, compruebe tambi\u00e9n la carpeta de correo no deseado, ya que este correo podr\u00eda ser clasificado como spam.<\/p>\n","protected":false},"author":1,"featured_media":0,"parent":0,"menu_order":0,"comment_status":"closed","ping_status":"closed","template":"","meta":{"_bbp_topic_count":0,"_bbp_reply_count":0,"_bbp_total_topic_count":0,"_bbp_total_reply_count":0,"_bbp_voice_count":0,"_bbp_anonymous_reply_count":0,"_bbp_topic_count_hidden":0,"_bbp_reply_count_hidden":0,"_bbp_forum_subforum_count":0,"footnotes":""},"class_list":["post-7588","page","type-page","status-publish","hentry"],"jetpack_shortlink":"https:\/\/wp.me\/PazElU-1Yo","jetpack_sharing_enabled":true,"_links":{"self":[{"href":"https:\/\/www.phage.help\/es\/wp-json\/wp\/v2\/pages\/7588","targetHints":{"allow":["GET"]}}],"collection":[{"href":"https:\/\/www.phage.help\/es\/wp-json\/wp\/v2\/pages"}],"about":[{"href":"https:\/\/www.phage.help\/es\/wp-json\/wp\/v2\/types\/page"}],"author":[{"embeddable":true,"href":"https:\/\/www.phage.help\/es\/wp-json\/wp\/v2\/users\/1"}],"replies":[{"embeddable":true,"href":"https:\/\/www.phage.help\/es\/wp-json\/wp\/v2\/comments?post=7588"}],"version-history":[{"count":0,"href":"https:\/\/www.phage.help\/es\/wp-json\/wp\/v2\/pages\/7588\/revisions"}],"wp:attachment":[{"href":"https:\/\/www.phage.help\/es\/wp-json\/wp\/v2\/media?parent=7588"}],"curies":[{"name":"wp","href":"https:\/\/api.w.org\/{rel}","templated":true}]}}