{"id":7582,"date":"2018-12-16T11:02:10","date_gmt":"2018-12-16T10:02:10","guid":{"rendered":"https:\/\/www.phage.help\/inscription-au-forum\/"},"modified":"2018-12-16T11:02:10","modified_gmt":"2018-12-16T10:02:10","slug":"inscription-au-forum","status":"publish","type":"page","link":"https:\/\/www.phage.help\/fr\/inscription-au-forum\/","title":{"rendered":"Inscription au forum"},"content":{"rendered":"\n<form method=\"post\" action=\"https:\/\/www.phage.help\/fr\/wp-login.php\" class=\"bbp-login-form\">\n\t<fieldset class=\"bbp-form\">\n\t\t<legend>Cr\u00e9er un compte<\/legend>\n\n\t\t\n\t\t<div class=\"bbp-template-notice\">\n\t\t\t<ul>\n\t\t\t\t<li>Votre identifiant doit \u00eatre unique et ne peut pas \u00eatre modifi\u00e9 ult\u00e9rieurement.<\/li>\n\t\t\t\t<li>Nous utilisons votre adresse &eacute;lectronique pour vous envoyer un mot de passe s&eacute;curis&eacute; et v&eacute;rifier votre compte.<\/li>\n\t\t\t<\/ul>\n\t\t<\/div>\n\n\t\t<div class=\"bbp-username\">\n\t\t\t<label for=\"user_login\">Identifiant: <\/label>\n\t\t\t<input type=\"text\" name=\"user_login\" value=\"\" size=\"20\" id=\"user_login\" maxlength=\"100\" autocomplete=\"off\" \/>\n\t\t<\/div>\n\n\t\t<div class=\"bbp-email\">\n\t\t\t<label for=\"user_email\">E-mail: <\/label>\n\t\t\t<input type=\"text\" name=\"user_email\" value=\"\" size=\"20\" id=\"user_email\" maxlength=\"100\" autocomplete=\"off\" \/>\n\t\t<\/div>\n\n\t\t\t\t<div id=\"cf-turnstile-1833454373\"\r\n\t\tclass=\"cf-turnstile\" \t\tdata-sitekey=\"0x4AAAAAABdfMUwliY0Fv_Vk\"\r\n\t\tdata-theme=\"light\"\r\n\t\tdata-language=\"auto\"\r\n\t\tdata-size=\"normal\"\r\n\t\tdata-retry=\"auto\" data-retry-interval=\"1000\"\r\n\t\tdata-refresh-expired=\"auto\"\r\n\t\tdata-refresh-timeout=\"auto\"\r\n\t\tdata-action=\"wordpress-register\"\r\n\t\tdata-callback=\"turnstileWPCallback\"\r\n\t\t\t\tdata-appearance=\"always\"><\/div>\r\n\t\t\t<script>document.addEventListener(\"DOMContentLoaded\", function() { setTimeout(function(){ var e=document.getElementById(\"cf-turnstile-1833454373\"); if(e&&!e.innerHTML.trim()){turnstile.render(e, {sitekey:\"0x4AAAAAABdfMUwliY0Fv_Vk\"});} }, 200); });<\/script>\r\n\t\t\t<br class=\"cf-turnstile-br cf-turnstile-br-1833454373\">\r\n\t\t\t\t<style>#cf-turnstile-1833454373 { margin-left: -15px; }<\/style>\r\n\t\t\n\t\t<div class=\"bbp-submit-wrapper\">\n\n\t\t\t<button type=\"submit\" name=\"user-submit\" class=\"button submit user-submit\">Inscription<\/button>\n\n\t\t\t\n\t<input type=\"hidden\" name=\"action\"      value=\"register\" \/>\n\t<input type=\"hidden\" name=\"user-cookie\" value=\"1\" \/>\n\n\t<input type=\"hidden\" id=\"bbp_redirect_to\" name=\"redirect_to\" value=\"?checkemail=registered\" \/><input type=\"hidden\" id=\"_wpnonce\" name=\"_wpnonce\" value=\"f3ecbe8c81\" \/><input type=\"hidden\" name=\"_wp_http_referer\" value=\"\/fr\/wp-json\/wp\/v2\/pages\/7582\" \/>\n\t\t<\/div>\n\n\t\t\n\t<\/fieldset>\n<\/form>\n\n<p>Apr\u00e8s votre inscription, vous recevrez un e-mail dans lequel vous devrez confirmer votre inscription.<br \/>\nVous recevrez ensuite un e-mail vous invitant \u00e0 d\u00e9finir votre mot de passe.<\/p>\n<p>Veuillez \u00e9galement v\u00e9rifier votre dossier SPAM, car cet e-mail peut \u00eatre class\u00e9 comme SPAM.<\/p>\n","protected":false},"excerpt":{"rendered":"<p>Apr\u00e8s votre inscription, vous recevrez un e-mail dans lequel vous devrez confirmer votre inscription. Vous recevrez ensuite un e-mail vous invitant \u00e0 d\u00e9finir votre mot de passe. Veuillez \u00e9galement v\u00e9rifier votre dossier SPAM, car cet e-mail peut \u00eatre class\u00e9 comme SPAM.<\/p>\n","protected":false},"author":1,"featured_media":0,"parent":0,"menu_order":0,"comment_status":"closed","ping_status":"closed","template":"","meta":{"_bbp_topic_count":0,"_bbp_reply_count":0,"_bbp_total_topic_count":0,"_bbp_total_reply_count":0,"_bbp_voice_count":0,"_bbp_anonymous_reply_count":0,"_bbp_topic_count_hidden":0,"_bbp_reply_count_hidden":0,"_bbp_forum_subforum_count":0,"footnotes":""},"class_list":["post-7582","page","type-page","status-publish","hentry"],"jetpack_shortlink":"https:\/\/wp.me\/PazElU-1Yi","jetpack_sharing_enabled":true,"_links":{"self":[{"href":"https:\/\/www.phage.help\/fr\/wp-json\/wp\/v2\/pages\/7582","targetHints":{"allow":["GET"]}}],"collection":[{"href":"https:\/\/www.phage.help\/fr\/wp-json\/wp\/v2\/pages"}],"about":[{"href":"https:\/\/www.phage.help\/fr\/wp-json\/wp\/v2\/types\/page"}],"author":[{"embeddable":true,"href":"https:\/\/www.phage.help\/fr\/wp-json\/wp\/v2\/users\/1"}],"replies":[{"embeddable":true,"href":"https:\/\/www.phage.help\/fr\/wp-json\/wp\/v2\/comments?post=7582"}],"version-history":[{"count":0,"href":"https:\/\/www.phage.help\/fr\/wp-json\/wp\/v2\/pages\/7582\/revisions"}],"wp:attachment":[{"href":"https:\/\/www.phage.help\/fr\/wp-json\/wp\/v2\/media?parent=7582"}],"curies":[{"name":"wp","href":"https:\/\/api.w.org\/{rel}","templated":true}]}}